{"id":46,"date":"2013-07-19T10:56:31","date_gmt":"2013-07-19T08:56:31","guid":{"rendered":"http:\/\/www.skvmarburg.de\/wordpress\/?page_id=46"},"modified":"2020-01-07T17:00:20","modified_gmt":"2020-01-07T15:00:20","slug":"kontakt","status":"publish","type":"page","link":"http:\/\/www.skvmarburg.de\/?page_id=46","title":{"rendered":"Kontakt"},"content":{"rendered":"<p>Sportkegler-Vereinigung Marburg e.V.<\/p>\n<p>Pilgrimstein 17<\/p>\n<p>35037 Marburg<\/p>\n<p>Tel.\/Fax: 06421 &#8211; 27473 (Sprechzeiten Mi. und Fr. ab 17:00 Uhr)<\/p>\n<p>E-Mail: <a href=\"mailto:mail@skvmarburg.de\">mail@skvmarburg.de<\/a><\/p>\n<hr \/>\n<p style=\"text-align: center;\"><strong>Sie haben Interesse unserer Bahnen zu mieten?<\/strong><\/p>\n<p style=\"text-align: center;\"><a href=\"http:\/\/www.skvmarburg.de\/?page_id=22\"><strong>Dann klicken Sie hier<\/strong><\/a><\/p>\n<hr \/>\n<p><strong><span style=\"text-decoration: underline;\">Rechtliche Hinweise zu dieser Seite und externen Links:<\/span><\/strong><\/p>\n<p>Die Sport-Kegler-Vereinigung Marburg e.V. \u00fcbernimmt keine Gew\u00e4hrleistung und keine Haftung im Zusammenhang mit jeglicher Nutzung dieser Webseite. Insbesondere wird keine Haftung f\u00fcr Sch\u00e4den, welcher Art auch immer, im Hinblick auf die Vollst\u00e4ndigkeit und Richtigkeit der Angaben \u00fcbernommen. Die Nutzer erkl\u00e4ren sich damit einverstanden, auf diese Webseite und deren Inhalt auf eigenes Risiko zuzugreifen. Bei externen Links handelt es sich um eine subjektive Auswahl von Verweisen auf andere Internetseiten. Die Verbindung erfolgt ausschlie\u00dflich zum Zwecke der Information und als zus\u00e4tzlicher Service f\u00fcr die Nutzer. F\u00fcr den Inhalt dieser Seiten sind die jeweiligen Betreiber \/ Verfasser selbst verantwortlich.<\/p>\n<p style=\"text-align: center;\">\u00a9 2013 SKV Marburg. Alle Rechte vorbehalten.<\/p>\n","protected":false},"excerpt":{"rendered":"<p>Sportkegler-Vereinigung Marburg e.V. Pilgrimstein 17 35037 Marburg Tel.\/Fax: 06421 &#8211; 27473 (Sprechzeiten Mi. und Fr. ab 17:00 Uhr) E-Mail: mail@skvmarburg.de Sie haben Interesse unserer Bahnen zu mieten? Dann klicken Sie hier Rechtliche Hinweise zu dieser Seite und externen Links: Die Sport-Kegler-Vereinigung Marburg e.V. \u00fcbernimmt keine Gew\u00e4hrleistung und keine Haftung im \u2026 <a class=\"continue-reading-link\" href=\"http:\/\/www.skvmarburg.de\/?page_id=46\"> Continue reading <span class=\"meta-nav\">&rarr; <\/span><\/a><\/p>\n","protected":false},"author":1,"featured_media":0,"parent":0,"menu_order":9,"comment_status":"closed","ping_status":"closed","template":"","meta":{"footnotes":""},"class_list":["post-46","page","type-page","status-publish","hentry"],"_links":{"self":[{"href":"http:\/\/www.skvmarburg.de\/index.php?rest_route=\/wp\/v2\/pages\/46","targetHints":{"allow":["GET"]}}],"collection":[{"href":"http:\/\/www.skvmarburg.de\/index.php?rest_route=\/wp\/v2\/pages"}],"about":[{"href":"http:\/\/www.skvmarburg.de\/index.php?rest_route=\/wp\/v2\/types\/page"}],"author":[{"embeddable":true,"href":"http:\/\/www.skvmarburg.de\/index.php?rest_route=\/wp\/v2\/users\/1"}],"replies":[{"embeddable":true,"href":"http:\/\/www.skvmarburg.de\/index.php?rest_route=%2Fwp%2Fv2%2Fcomments&post=46"}],"version-history":[{"count":17,"href":"http:\/\/www.skvmarburg.de\/index.php?rest_route=\/wp\/v2\/pages\/46\/revisions"}],"predecessor-version":[{"id":2164,"href":"http:\/\/www.skvmarburg.de\/index.php?rest_route=\/wp\/v2\/pages\/46\/revisions\/2164"}],"wp:attachment":[{"href":"http:\/\/www.skvmarburg.de\/index.php?rest_route=%2Fwp%2Fv2%2Fmedia&parent=46"}],"curies":[{"name":"wp","href":"https:\/\/api.w.org\/{rel}","templated":true}]}}